{"id":404,"date":"2024-11-06T18:10:05","date_gmt":"2024-11-06T17:10:05","guid":{"rendered":"https:\/\/holdingprawny.pl\/?page_id=404"},"modified":"2025-02-08T13:37:13","modified_gmt":"2025-02-08T12:37:13","slug":"justyna-labentowicz","status":"publish","type":"page","link":"https:\/\/holdingprawny.pl\/en\/lawyers\/justyna-labentowicz\/","title":{"rendered":"Justyna Labentowicz"},"content":{"rendered":"","protected":false},"excerpt":{"rendered":"","protected":false},"author":1,"featured_media":0,"parent":387,"menu_order":0,"comment_status":"closed","ping_status":"closed","template":"","meta":{"footnotes":""},"class_list":["post-404","page","type-page","status-publish","hentry"],"yoast_head":"<!-- This site is optimized with the Yoast SEO plugin v24.7 - https:\/\/yoast.com\/wordpress\/plugins\/seo\/ -->\n<title>Justyna Labentowicz - Dolno\u015bl\u0105ski Holding Prawny<\/title>\n<meta name=\"robots\" content=\"index, follow, max-snippet:-1, max-image-preview:large, max-video-preview:-1\" \/>\n<link rel=\"canonical\" href=\"https:\/\/holdingprawny.pl\/prawnicy\/justyna-labentowicz\/\" \/>\n<meta property=\"og:locale\" content=\"en_US\" \/>\n<meta property=\"og:type\" content=\"article\" \/>\n<meta property=\"og:title\" content=\"Justyna Labentowicz - Dolno\u015bl\u0105ski Holding Prawny\" \/>\n<meta property=\"og:url\" content=\"https:\/\/holdingprawny.pl\/prawnicy\/justyna-labentowicz\/\" \/>\n<meta property=\"og:site_name\" content=\"Dolno\u015bl\u0105ski Holding Prawny\" \/>\n<meta property=\"article:modified_time\" content=\"2025-02-08T12:37:13+00:00\" \/>\n<meta property=\"og:image\" content=\"https:\/\/holdingprawny.pl\/wp-content\/uploads\/2025\/02\/Dolnoslaski-Holding-Prawny-pl.jpg\" \/>\n\t<meta property=\"og:image:width\" content=\"1200\" \/>\n\t<meta property=\"og:image:height\" content=\"675\" \/>\n\t<meta property=\"og:image:type\" content=\"image\/jpeg\" \/>\n<meta name=\"twitter:card\" content=\"summary_large_image\" \/>\n<script type=\"application\/ld+json\" class=\"yoast-schema-graph\">{\"@context\":\"https:\/\/schema.org\",\"@graph\":[{\"@type\":\"WebPage\",\"@id\":\"https:\/\/holdingprawny.pl\/prawnicy\/justyna-labentowicz\/\",\"url\":\"https:\/\/holdingprawny.pl\/prawnicy\/justyna-labentowicz\/\",\"name\":\"Justyna Labentowicz - Dolno\u015bl\u0105ski Holding Prawny\",\"isPartOf\":{\"@id\":\"https:\/\/holdingprawny.pl\/#website\"},\"datePublished\":\"2024-11-06T17:10:05+00:00\",\"dateModified\":\"2025-02-08T12:37:13+00:00\",\"breadcrumb\":{\"@id\":\"https:\/\/holdingprawny.pl\/prawnicy\/justyna-labentowicz\/#breadcrumb\"},\"inLanguage\":\"en-US\",\"potentialAction\":[{\"@type\":\"ReadAction\",\"target\":[\"https:\/\/holdingprawny.pl\/prawnicy\/justyna-labentowicz\/\"]}]},{\"@type\":\"BreadcrumbList\",\"@id\":\"https:\/\/holdingprawny.pl\/prawnicy\/justyna-labentowicz\/#breadcrumb\",\"itemListElement\":[{\"@type\":\"ListItem\",\"position\":1,\"name\":\"Strona g\u0142\u00f3wna\",\"item\":\"https:\/\/holdingprawny.pl\/\"},{\"@type\":\"ListItem\",\"position\":2,\"name\":\"Lawyers\",\"item\":\"https:\/\/holdingprawny.pl\/prawnicy\/\"},{\"@type\":\"ListItem\",\"position\":3,\"name\":\"Justyna Labentowicz\"}]},{\"@type\":\"WebSite\",\"@id\":\"https:\/\/holdingprawny.pl\/#website\",\"url\":\"https:\/\/holdingprawny.pl\/\",\"name\":\"Dolno\u015bl\u0105ski Holding Prawny\",\"description\":\"Dolno\u015bl\u0105ski Holding Prawny\",\"publisher\":{\"@id\":\"https:\/\/holdingprawny.pl\/#organization\"},\"potentialAction\":[{\"@type\":\"SearchAction\",\"target\":{\"@type\":\"EntryPoint\",\"urlTemplate\":\"https:\/\/holdingprawny.pl\/?s={search_term_string}\"},\"query-input\":{\"@type\":\"PropertyValueSpecification\",\"valueRequired\":true,\"valueName\":\"search_term_string\"}}],\"inLanguage\":\"en-US\"},{\"@type\":\"Organization\",\"@id\":\"https:\/\/holdingprawny.pl\/#organization\",\"name\":\"Dolno\u015bl\u0105ski Holding Prawny\",\"url\":\"https:\/\/holdingprawny.pl\/\",\"logo\":{\"@type\":\"ImageObject\",\"inLanguage\":\"en-US\",\"@id\":\"https:\/\/holdingprawny.pl\/#\/schema\/logo\/image\/\",\"url\":\"https:\/\/holdingprawny.pl\/wp-content\/uploads\/2025\/02\/Dolnoslaski-Holding-Prawny.jpg\",\"contentUrl\":\"https:\/\/holdingprawny.pl\/wp-content\/uploads\/2025\/02\/Dolnoslaski-Holding-Prawny.jpg\",\"width\":696,\"height\":696,\"caption\":\"Dolno\u015bl\u0105ski Holding Prawny\"},\"image\":{\"@id\":\"https:\/\/holdingprawny.pl\/#\/schema\/logo\/image\/\"}}]}<\/script>\n<!-- \/ Yoast SEO plugin. -->","yoast_head_json":{"title":"Justyna Labentowicz - Dolno\u015bl\u0105ski Holding Prawny","robots":{"index":"index","follow":"follow","max-snippet":"max-snippet:-1","max-image-preview":"max-image-preview:large","max-video-preview":"max-video-preview:-1"},"canonical":"https:\/\/holdingprawny.pl\/prawnicy\/justyna-labentowicz\/","og_locale":"en_US","og_type":"article","og_title":"Justyna Labentowicz - Dolno\u015bl\u0105ski Holding Prawny","og_url":"https:\/\/holdingprawny.pl\/prawnicy\/justyna-labentowicz\/","og_site_name":"Dolno\u015bl\u0105ski Holding Prawny","article_modified_time":"2025-02-08T12:37:13+00:00","og_image":[{"width":1200,"height":675,"url":"https:\/\/holdingprawny.pl\/wp-content\/uploads\/2025\/02\/Dolnoslaski-Holding-Prawny-pl.jpg","type":"image\/jpeg"}],"twitter_card":"summary_large_image","schema":{"@context":"https:\/\/schema.org","@graph":[{"@type":"WebPage","@id":"https:\/\/holdingprawny.pl\/prawnicy\/justyna-labentowicz\/","url":"https:\/\/holdingprawny.pl\/prawnicy\/justyna-labentowicz\/","name":"Justyna Labentowicz - Dolno\u015bl\u0105ski Holding Prawny","isPartOf":{"@id":"https:\/\/holdingprawny.pl\/#website"},"datePublished":"2024-11-06T17:10:05+00:00","dateModified":"2025-02-08T12:37:13+00:00","breadcrumb":{"@id":"https:\/\/holdingprawny.pl\/prawnicy\/justyna-labentowicz\/#breadcrumb"},"inLanguage":"en-US","potentialAction":[{"@type":"ReadAction","target":["https:\/\/holdingprawny.pl\/prawnicy\/justyna-labentowicz\/"]}]},{"@type":"BreadcrumbList","@id":"https:\/\/holdingprawny.pl\/prawnicy\/justyna-labentowicz\/#breadcrumb","itemListElement":[{"@type":"ListItem","position":1,"name":"Strona g\u0142\u00f3wna","item":"https:\/\/holdingprawny.pl\/"},{"@type":"ListItem","position":2,"name":"Lawyers","item":"https:\/\/holdingprawny.pl\/prawnicy\/"},{"@type":"ListItem","position":3,"name":"Justyna Labentowicz"}]},{"@type":"WebSite","@id":"https:\/\/holdingprawny.pl\/#website","url":"https:\/\/holdingprawny.pl\/","name":"Dolno\u015bl\u0105ski Holding Prawny","description":"Dolno\u015bl\u0105ski Holding Prawny","publisher":{"@id":"https:\/\/holdingprawny.pl\/#organization"},"potentialAction":[{"@type":"SearchAction","target":{"@type":"EntryPoint","urlTemplate":"https:\/\/holdingprawny.pl\/?s={search_term_string}"},"query-input":{"@type":"PropertyValueSpecification","valueRequired":true,"valueName":"search_term_string"}}],"inLanguage":"en-US"},{"@type":"Organization","@id":"https:\/\/holdingprawny.pl\/#organization","name":"Dolno\u015bl\u0105ski Holding Prawny","url":"https:\/\/holdingprawny.pl\/","logo":{"@type":"ImageObject","inLanguage":"en-US","@id":"https:\/\/holdingprawny.pl\/#\/schema\/logo\/image\/","url":"https:\/\/holdingprawny.pl\/wp-content\/uploads\/2025\/02\/Dolnoslaski-Holding-Prawny.jpg","contentUrl":"https:\/\/holdingprawny.pl\/wp-content\/uploads\/2025\/02\/Dolnoslaski-Holding-Prawny.jpg","width":696,"height":696,"caption":"Dolno\u015bl\u0105ski Holding Prawny"},"image":{"@id":"https:\/\/holdingprawny.pl\/#\/schema\/logo\/image\/"}}]}},"_links":{"self":[{"href":"https:\/\/holdingprawny.pl\/en\/wp-json\/wp\/v2\/pages\/404","targetHints":{"allow":["GET"]}}],"collection":[{"href":"https:\/\/holdingprawny.pl\/en\/wp-json\/wp\/v2\/pages"}],"about":[{"href":"https:\/\/holdingprawny.pl\/en\/wp-json\/wp\/v2\/types\/page"}],"author":[{"embeddable":true,"href":"https:\/\/holdingprawny.pl\/en\/wp-json\/wp\/v2\/users\/1"}],"replies":[{"embeddable":true,"href":"https:\/\/holdingprawny.pl\/en\/wp-json\/wp\/v2\/comments?post=404"}],"version-history":[{"count":1,"href":"https:\/\/holdingprawny.pl\/en\/wp-json\/wp\/v2\/pages\/404\/revisions"}],"predecessor-version":[{"id":405,"href":"https:\/\/holdingprawny.pl\/en\/wp-json\/wp\/v2\/pages\/404\/revisions\/405"}],"up":[{"embeddable":true,"href":"https:\/\/holdingprawny.pl\/en\/wp-json\/wp\/v2\/pages\/387"}],"wp:attachment":[{"href":"https:\/\/holdingprawny.pl\/en\/wp-json\/wp\/v2\/media?parent=404"}],"curies":[{"name":"wp","href":"https:\/\/api.w.org\/{rel}","templated":true}]}}